{"id":965,"date":"2019-12-20T00:59:23","date_gmt":"2019-12-19T22:59:23","guid":{"rendered":"https:\/\/wgaut.arielko.net\/?page_id=965"},"modified":"2025-03-18T23:23:47","modified_gmt":"2025-03-18T21:23:47","slug":"avf","status":"publish","type":"page","link":"https:\/\/greceautrement.fr\/?page_id=965","title":{"rendered":"Avis Client"},"content":{"rendered":"<div class=\"zTxtJ\">\r\n  <p>Nous vous remercions pour le temps que vous avez consacr\u00e9 \u00e0 la r\u00e9daction de cet avis.<\/p>\r\n  <iframe loading=\"lazy\" class=\"zFramS\" src=\"zkmods\/ssb\/ssb.php?n=AVxF11&amp;f=0&amp;t=3600\" width=\"210\" height=\"160\"><\/iframe>\r\n  <p>En retour, nous vous accordons une remise suppl\u00e9mentaire de 5% sur la totalit\u00e9 de notre offre ainsi qu\u2019\u00e0 vos proches et amis, que vous souhaitez parrainer.<\/p>\r\n  <p>Notre rencontre, est celle des moments partag\u00e9s d\u2019immersion dans la vie locale, dans l\u2019histoire et dans la culture grecque. Ces moments sont importants, dynamiques et marquants, pour vous comme pour nous.<\/p>\r\n  <p>Vous pouvez saisir directement votre message dans l\u2019emplacement pr\u00e9vu ou nous faire parvenir votre ressenti par fichier de type txt, doc ou pdf, ou bien zip, si vous le souhaitez.<\/p>\r\n  <p>Nous serons ravis de publier aussi quelques-unes de vos photos de voyage que vous pouvez poster via ce formulaire en bas de cette page.<\/p>\r\n  <p>A vos plumes !<\/p>\r\n<\/div>\r\n\n<div class=\"wpcf7 no-js\" id=\"wpcf7-f974-o1\" lang=\"fr-FR\" dir=\"ltr\" data-wpcf7-id=\"974\">\n<div class=\"screen-reader-response\"><p role=\"status\" aria-live=\"polite\" aria-atomic=\"true\"><\/p> <ul><\/ul><\/div>\n<form action=\"\/index.php?rest_route=%2Fwp%2Fv2%2Fpages%2F965#wpcf7-f974-o1\" method=\"post\" class=\"wpcf7-form init\" aria-label=\"Formulaire de contact\" enctype=\"multipart\/form-data\" novalidate=\"novalidate\" data-status=\"init\">\n<fieldset class=\"hidden-fields-container\"><input type=\"hidden\" name=\"_wpcf7\" value=\"974\" \/><input type=\"hidden\" name=\"_wpcf7_version\" value=\"6.1.5\" \/><input type=\"hidden\" name=\"_wpcf7_locale\" value=\"fr_FR\" \/><input type=\"hidden\" name=\"_wpcf7_unit_tag\" value=\"wpcf7-f974-o1\" \/><input type=\"hidden\" name=\"_wpcf7_container_post\" value=\"0\" \/><input type=\"hidden\" name=\"_wpcf7_posted_data_hash\" value=\"\" \/><input type=\"hidden\" name=\"_wpcf7_recaptcha_response\" value=\"\" \/>\n<\/fieldset>\n<p><img decoding=\"async\" alt=\"\" title=\"La Gr\u00e8ce Autrement, Avis Client\" src=\"\/\/arielko.net\/imageS\/logos\/ga\/autrement-160.jpg\" \/>\n<\/p>\n<p><label> Lieu de votre voyage<br \/>\n<span class=\"wpcf7-form-control-wrap\" data-name=\"csubj\"><input size=\"40\" maxlength=\"400\" class=\"wpcf7-form-control wpcf7-text\" aria-invalid=\"false\" value=\"\" type=\"text\" name=\"csubj\" \/><\/span> <\/label>\n<\/p>\n<p><label> Date de votre voyage<br \/>\n<span class=\"wpcf7-form-control-wrap\" data-name=\"cdate\"><input class=\"wpcf7-form-control wpcf7-date wpcf7-validates-as-date\" aria-invalid=\"false\" value=\"\" type=\"date\" name=\"cdate\" \/><\/span> <\/label>\n<\/p>\n<p><label> Ent\u00eate de votre publication<br \/>\n<span class=\"wpcf7-form-control-wrap\" data-name=\"chead\"><input size=\"40\" maxlength=\"400\" class=\"wpcf7-form-control wpcf7-text\" aria-invalid=\"false\" placeholder=\"Exemple: par Michel &amp; sa Famille (si vide, vos noms et pr\u00e9noms)\" value=\"\" type=\"text\" name=\"chead\" \/><\/span> <\/label>\n<\/p>\n<p><label> Votre message<br \/>\n<span class=\"wpcf7-form-control-wrap\" data-name=\"ctext\"><textarea cols=\"40\" rows=\"10\" maxlength=\"2000\" class=\"wpcf7-form-control wpcf7-textarea\" aria-invalid=\"false\" placeholder=\"Saisir votre message ou envoyez nous un document (voir en bas de page)\" name=\"ctext\"><\/textarea><\/span> <\/label>\n<\/p>\n<p><label> Votre nom *<br \/>\n<span class=\"wpcf7-form-control-wrap\" data-name=\"cname\"><input size=\"40\" maxlength=\"400\" class=\"wpcf7-form-control wpcf7-text wpcf7-validates-as-required\" autocomplete=\"name\" aria-required=\"true\" aria-invalid=\"false\" placeholder=\"Vos noms et pr\u00e9noms\" value=\"\" type=\"text\" name=\"cname\" \/><\/span> <\/label><br \/>\nLes champs marqu\u00e9s d'une \u00e9toile sont obligatoires.\n<\/p>\n<p><label> Votre adresse de messagerie *<br \/>\n<span class=\"wpcf7-form-control-wrap\" data-name=\"cmail\"><input size=\"40\" maxlength=\"400\" class=\"wpcf7-form-control wpcf7-email wpcf7-validates-as-required wpcf7-text wpcf7-validates-as-email\" autocomplete=\"email\" aria-required=\"true\" aria-invalid=\"false\" value=\"\" type=\"email\" name=\"cmail\" \/><\/span> <\/label><br \/>\nVotre adresse e-mail et votre num\u00e9ro de t\u00e9l\u00e9phone ne sont pas publi\u00e9s.\n<\/p>\n<p><label> T\u00e9l\u00e9phone de contact<br \/>\n<span class=\"wpcf7-form-control-wrap\" data-name=\"cphon\"><input size=\"40\" maxlength=\"400\" minlength=\"10\" class=\"wpcf7-form-control wpcf7-tel wpcf7-text wpcf7-validates-as-tel\" aria-invalid=\"false\" placeholder=\"Votre num\u00e9ro de t\u00e9l\u00e9phone avec l&#039;indicatif international\" value=\"\" type=\"tel\" name=\"cphon\" \/><\/span> <\/label>\n<\/p>\n<p><label> Vous pouvez nous envoyer un document, d'une taille maximale de 2 Mo.<br \/>\nType de fichier accept\u00e9: | txt | doc | docx | pdf | zip | <\/label>\n<\/p>\n<p><span class=\"wpcf7-form-control-wrap\" data-name=\"cupl0\"><input size=\"40\" class=\"wpcf7-form-control wpcf7-file\" accept=\".txt,.doc,.docx,.pdf,.zip\" aria-invalid=\"false\" type=\"file\" name=\"cupl0\" \/><\/span>\n<\/p>\n<p><label>Et vos photos de voyage, d'une taille maximale de 2 Mo chacune.<img decoding=\"async\" alt=\"\" style=\"vertical-align:top\" title=\"Changer la taille d'une photo en ligne\" src=\"\/\/arielko.net\/imageS\/links\/inf01R.png\" onclick=\"window.open('https:\/\/convertir-une-image.com\/edition\/reduire-redimensionner-une-photo.asp','_blanc')\" \/><br \/>\nType de fichier accept\u00e9: | jpg | gif | png | zip | <\/label>\n<\/p>\n<p><span class=\"wpcf7-form-control-wrap\" data-name=\"cupl1\"><input size=\"40\" class=\"wpcf7-form-control wpcf7-file\" accept=\".zip,.jpg,.gif,.png\" aria-invalid=\"false\" type=\"file\" name=\"cupl1\" \/><\/span><br \/>\n<span class=\"wpcf7-form-control-wrap\" data-name=\"cupl2\"><input size=\"40\" class=\"wpcf7-form-control wpcf7-file\" accept=\".zip,.jpg,.gif,.png\" aria-invalid=\"false\" type=\"file\" name=\"cupl2\" \/><\/span><br \/>\n<span class=\"wpcf7-form-control-wrap\" data-name=\"cupl3\"><input size=\"40\" class=\"wpcf7-form-control wpcf7-file\" accept=\".zip,.jpg,.gif,.png\" aria-invalid=\"false\" type=\"file\" name=\"cupl3\" \/><\/span><br \/>\n<span class=\"wpcf7-form-control-wrap\" data-name=\"cupl4\"><input size=\"40\" class=\"wpcf7-form-control wpcf7-file\" accept=\".zip,.jpg,.gif,.png\" aria-invalid=\"false\" type=\"file\" name=\"cupl4\" \/><\/span><br \/>\n<span class=\"wpcf7-form-control-wrap\" data-name=\"cupl5\"><input size=\"40\" class=\"wpcf7-form-control wpcf7-file\" accept=\".zip,.jpg,.gif,.png\" aria-invalid=\"false\" type=\"file\" name=\"cupl5\" \/><\/span><br \/>\n<span class=\"wpcf7-form-control-wrap\" data-name=\"cupl6\"><input size=\"40\" class=\"wpcf7-form-control wpcf7-file\" accept=\".zip,.jpg,.gif,.png\" aria-invalid=\"false\" type=\"file\" name=\"cupl6\" \/><\/span><br \/>\n<span class=\"wpcf7-form-control-wrap recaptcha\" data-name=\"recaptcha\"><span data-sitekey=\"6Ldtr8YUAAAAAOE5nIDzutfahP8u83p1BQzjXjJD\" data-size=\"compact\" data-align=\"right\" class=\"wpcf7-form-control wpcf7-recaptcha g-recaptcha\"><\/span>\r\n<noscript>\r\n\t<div class=\"grecaptcha-noscript\">\r\n\t\t<iframe loading=\"lazy\" src=\"https:\/\/www.google.com\/recaptcha\/api\/fallback?k=6Ldtr8YUAAAAAOE5nIDzutfahP8u83p1BQzjXjJD\" frameborder=\"0\" scrolling=\"no\" width=\"310\" height=\"430\">\r\n\t\t<\/iframe>\r\n\t\t<textarea name=\"g-recaptcha-response\" rows=\"3\" cols=\"40\" placeholder=\"reCaptcha Response Here\">\r\n\t\t<\/textarea>\r\n\t<\/div>\r\n<\/noscript>\r\n<\/span><br \/>\nJ'ai lu et j'accepte la <a target=\"_blanc\" href=\"?page_id=3\">politique de confidentialit\u00e9<\/a><span class=\"wpcf7-form-control-wrap\" data-name=\"accept\"><span class=\"wpcf7-form-control wpcf7-acceptance\"><span class=\"wpcf7-list-item\"><input type=\"checkbox\" name=\"accept\" value=\"1\" aria-invalid=\"false\" \/><\/span><\/span><\/span><br \/>\n<label class=\"zTxtV\">Confirmez que vous n'\u00eates pas un robot dans le reCAPTCHA et&nbsp;&nbsp;<input class=\"wpcf7-form-control wpcf7-submit has-spinner\" type=\"submit\" value=\"Envoyer\" \/><\/label>\n<\/p><p style=\"display: none !important;\" class=\"akismet-fields-container\" data-prefix=\"_wpcf7_ak_\"><label>&#916;<textarea name=\"_wpcf7_ak_hp_textarea\" cols=\"45\" rows=\"8\" maxlength=\"100\"><\/textarea><\/label><input type=\"hidden\" id=\"ak_js_1\" name=\"_wpcf7_ak_js\" value=\"59\"\/><script>\ndocument.getElementById( \"ak_js_1\" ).setAttribute( \"value\", ( new Date() ).getTime() );\n<\/script>\n<\/p><div class=\"wpcf7-response-output\" aria-hidden=\"true\"><\/div>\n<\/form>\n<\/div>\n\r\n","protected":false},"excerpt":{"rendered":"Nous vous remercions pour le temps que vous avez consacr\u00e9 \u00e0 la r\u00e9daction de cet avis. En retour, nous vous accordons une remise suppl\u00e9mentaire de 5% sur la totalit\u00e9 de notre offre ainsi qu\u2019\u00e0 vos proches et amis, que vous souhaitez parrainer. Notre rencontre, est celle des moments partag\u00e9s d\u2019immersion dans la vie locale, dans &hellip; <p class=\"link-more\"><a href=\"https:\/\/greceautrement.fr\/?page_id=965\" class=\"more-link\">Continue reading<span class=\"screen-reader-text\"> \u00ab\u00a0Avis Client\u00a0\u00bb<\/span><\/a><\/p>","protected":false},"author":2,"featured_media":0,"parent":9,"menu_order":1,"comment_status":"closed","ping_status":"closed","template":"","meta":{"footnotes":""},"categories":[],"tags":[],"class_list":["post-965","page","type-page","status-publish","hentry"],"_links":{"self":[{"href":"https:\/\/greceautrement.fr\/index.php?rest_route=\/wp\/v2\/pages\/965","targetHints":{"allow":["GET"]}}],"collection":[{"href":"https:\/\/greceautrement.fr\/index.php?rest_route=\/wp\/v2\/pages"}],"about":[{"href":"https:\/\/greceautrement.fr\/index.php?rest_route=\/wp\/v2\/types\/page"}],"author":[{"embeddable":true,"href":"https:\/\/greceautrement.fr\/index.php?rest_route=\/wp\/v2\/users\/2"}],"replies":[{"embeddable":true,"href":"https:\/\/greceautrement.fr\/index.php?rest_route=%2Fwp%2Fv2%2Fcomments&post=965"}],"version-history":[{"count":0,"href":"https:\/\/greceautrement.fr\/index.php?rest_route=\/wp\/v2\/pages\/965\/revisions"}],"up":[{"embeddable":true,"href":"https:\/\/greceautrement.fr\/index.php?rest_route=\/wp\/v2\/pages\/9"}],"wp:attachment":[{"href":"https:\/\/greceautrement.fr\/index.php?rest_route=%2Fwp%2Fv2%2Fmedia&parent=965"}],"wp:term":[{"taxonomy":"category","embeddable":true,"href":"https:\/\/greceautrement.fr\/index.php?rest_route=%2Fwp%2Fv2%2Fcategories&post=965"},{"taxonomy":"post_tag","embeddable":true,"href":"https:\/\/greceautrement.fr\/index.php?rest_route=%2Fwp%2Fv2%2Ftags&post=965"}],"curies":[{"name":"wp","href":"https:\/\/api.w.org\/{rel}","templated":true}]}}