{"id":7,"date":"2019-12-20T01:42:29","date_gmt":"2019-12-19T23:42:29","guid":{"rendered":"https:\/\/wgaut.arielko.net\/?page_id=7"},"modified":"2025-03-10T17:39:29","modified_gmt":"2025-03-10T15:39:29","slug":"ap","status":"publish","type":"page","link":"https:\/\/greceautrement.fr\/?page_id=7","title":{"rendered":"A Propos"},"content":{"rendered":"<div class=\"zTxtJ\">\r\n  <h3 class=\"zTxtH\">D\u00e9marche, Origines, Philosophie<\/h3>\r\n  <p>Gr\u00e8ce Autrement est un concept de voyage responsable dans la Gr\u00e8ce d\u2019aujourd\u2019hui \u00e0 travers ses r\u00e9alit\u00e9s, ses paysages, son histoire contemporaine et sa culture. Il a \u00e9t\u00e9 initi\u00e9 en 2015 sous ses deux formules pr\u00e9alables, d\u00e9sormais jointes et enrichies, <em>Greece Terra Incognita<\/em> et <em>Ath\u00e8nes Autrement<\/em>, par Panagi\u00f3tis Grigor\u00edou, ethnologue et historien francophone.<\/p>\r\n  <p>Nous proposons nos autotours en v\u00e9hicule SUV d\u2019une capacit\u00e9 de sept places, ou par un v\u00e9hicule lou\u00e9 par nos soins, adapt\u00e9 \u00e0 la taille du groupe, dans le P\u00e9loponn\u00e8se, en Thessalie Occidentale, en \u00c9pire et en Mac\u00e9doine grecque au nord du pays.<\/p>\r\n  <p>En choisissant nos formules sur-mesure, nos voyageurs b\u00e9n\u00e9ficient de l\u2019exclusivit\u00e9 de Panagi\u00f3tis, leur accompagnateur, sp\u00e9cialiste de la Gr\u00e8ce, dont l\u2019\u00e9rudition avenante permet justement d\u2019appr\u00e9cier ce qu\u2019on a sous les yeux. De mani\u00e8re agr\u00e9able et avec humour, il incite ses participants \u00e0 adopter un regard crois\u00e9, curieux et novateur.<\/p>\r\n  <p>Panagi\u00f3tis, initiateur de Gr\u00e8ce Autrement est n\u00e9 \u00e0 Ath\u00e8nes. Form\u00e9 en France en tant qu\u2019ethnologue et historien, il est t\u00e9moin des transformations actuelles sous un regard \u00e0 la fois anthropologique et de chroniqueur. Il s\u2019est d\u2019abord pench\u00e9 sur la notion \u201cd\u2019insularit\u00e9\u201d, d\u2019apr\u00e8s son terrain d\u2019enqu\u00eate au sein d\u2019une communaut\u00e9 de p\u00eacheurs en mer \u00c9g\u00e9e. En sp\u00e9cialiste, docteur en histoire, il contribue \u00e0 travers ses collaborations universitaires et de recherche, en France, en Gr\u00e8ce, en Suisse ou en Italie, au renouvellement de l\u2019histoire culturelle de la Gr\u00e8ce et des Balkans.<\/p>\r\n  <p>Il propose entre autres ses analyses des r\u00e9alit\u00e9s grecques dans la presse scientifique ainsi que g\u00e9n\u00e9raliste, dont \u201cEthnologie Fran\u00e7aise\u201d, \u201c\u00c9tudes Balkaniques\u201d, \u201cLe Monde Diplomatique\u201d, \u201cHuffington Post\u201d, \u201cLe Courrier de Gen\u00e8ve\u201d, \u201cIl Fatto Quotidiano\u201d. En 2013, il publie aux \u00e9ditions Fayard, son essai \u201cLa Gr\u00e8ce Fant\u00f4me\u201d. Il incarne \u00e9galement le \u201cfil conducteur\u201d du film \u201cKh\u00e1os, les visages humains de la crise grecque\u201d, r\u00e9alis\u00e9 en Gr\u00e8ce entre 2011 et 2012, et sorti en salles en France en octobre 2012. En 2014, il coorganise avec le MuCEM, \u201cMus\u00e9e des civilisations de l\u2019Europe et de la M\u00e9diterran\u00e9e \u00e0 Marseille\u201d une semaine consacr\u00e9e aux r\u00e9alit\u00e9s grecques: \u201cApr\u00e8s la crise ? Voyage au c\u0153ur de la crise grecque\u201d, comme il a particip\u00e9 \u00e0 plusieurs reprises aux colloques organis\u00e9s en Italie par l\u2019Association italienne pour l\u2019\u00e9tude des asym\u00e9tries \u00e9conomiques et l\u2019Universit\u00e9 de Pescara.<\/p>\r\n  <p>Pour Panagi\u00f3tis Grigor\u00edou, le voyage en Gr\u00e8ce vise \u00e0 faire de la terre hell\u00e9nique une destination positive et n\u00e9cessaire, en somme, une exp\u00e9rience unique.<\/p>\r\n  <p>L\u2019engagement de Gr\u00e8ce Autrement c\u2019est d\u2019offrir au voyageur un acc\u00e8s privil\u00e9gi\u00e9 \u00e0 la Gr\u00e8ce, autant par la fr\u00e9quentation d\u2019une proximit\u00e9 choisie et unie d\u2019un petit groupe, digne des beaut\u00e9s \u00e0 d\u00e9couvrir. Enfin, c\u2019est par l\u2019exp\u00e9rience du vrai contact et de la proximit\u00e9 que nous privil\u00e9gions les acteurs de l\u2019\u00e9conomie locale.<\/p>\r\n  <h3 class=\"zTxtH\">Agences de voyages partenaires de Gr\u00e8ce Autrement<\/h3>\r\n  <ul class=\"zLirL\"><li>\r\n  \u201cAu Tigre Vanill\u00e9\u201d agence de voyages sur mesure en Suisse romande, \u00e0 Gen\u00e8ve et \u00e0 Lausanne.<\/li><li>\r\n  \u201cVoyageurs du Monde\u201d en France, est un sp\u00e9cialiste du voyage individuel personnalis\u00e9.<\/li><li>\r\n  \u201cGr\u00e8ce sur Mesure\u201d, est une agence francophone de voyage locale, bas\u00e9e \u00e0 Ath\u00e8nes.<\/li><li>\r\n  \u201cContinents Insolites\u201d, sp\u00e9cialiste en Belgique et en France de voyage en terres insolites.<\/li>\r\n  <\/ul><br>\r\n  <p class=\"zTxtS\">La Gr\u00e8ce en toute souplesse et libert\u00e9. Pour voyageurs \u00e9clair\u00e9s et curieux !<\/p><br>\r\n  <hr><div class=\"zTabC\">\r\n   <div><img decoding=\"async\" alt=\"\" src=\"\/\/arielko.net\/imageS\/xtras\/apropos.gif\" class=\"zTabH\" onclick=\"GoToTop();\"><br>A Propos<\/div>\r\n   <div><img decoding=\"async\" alt=\"\" src=\"\/\/arielko.net\/imageS\/xtras\/contact.gif\" onclick=\"window.open('?page_id=8','_self')\"><br>Contact<\/div>\r\n   <div><img decoding=\"async\" alt=\"\" src=\"\/\/arielko.net\/imageS\/xtras\/tarifs.gif\"  onclick=\"window.open('?page_id=197','_self')\"><br>Tarifs<\/div>\r\n  <\/div><hr>\r\n<\/div>\r\n","protected":false},"excerpt":{"rendered":"D\u00e9marche, Origines, Philosophie Gr\u00e8ce Autrement est un concept de voyage responsable dans la Gr\u00e8ce d\u2019aujourd\u2019hui \u00e0 travers ses r\u00e9alit\u00e9s, ses paysages, son histoire contemporaine et sa culture. Il a \u00e9t\u00e9 initi\u00e9 en 2015 sous ses deux formules pr\u00e9alables, d\u00e9sormais jointes et enrichies, Greece Terra Incognita et Ath\u00e8nes Autrement, par Panagi\u00f3tis Grigor\u00edou, ethnologue et historien francophone. &hellip; <p class=\"link-more\"><a href=\"https:\/\/greceautrement.fr\/?page_id=7\" class=\"more-link\">Continue reading<span class=\"screen-reader-text\"> \u00ab\u00a0A Propos\u00a0\u00bb<\/span><\/a><\/p>","protected":false},"author":2,"featured_media":910,"parent":2331,"menu_order":1,"comment_status":"closed","ping_status":"closed","template":"","meta":{"footnotes":""},"categories":[],"tags":[],"class_list":["post-7","page","type-page","status-publish","has-post-thumbnail","hentry"],"_links":{"self":[{"href":"https:\/\/greceautrement.fr\/index.php?rest_route=\/wp\/v2\/pages\/7","targetHints":{"allow":["GET"]}}],"collection":[{"href":"https:\/\/greceautrement.fr\/index.php?rest_route=\/wp\/v2\/pages"}],"about":[{"href":"https:\/\/greceautrement.fr\/index.php?rest_route=\/wp\/v2\/types\/page"}],"author":[{"embeddable":true,"href":"https:\/\/greceautrement.fr\/index.php?rest_route=\/wp\/v2\/users\/2"}],"replies":[{"embeddable":true,"href":"https:\/\/greceautrement.fr\/index.php?rest_route=%2Fwp%2Fv2%2Fcomments&post=7"}],"version-history":[{"count":0,"href":"https:\/\/greceautrement.fr\/index.php?rest_route=\/wp\/v2\/pages\/7\/revisions"}],"up":[{"embeddable":true,"href":"https:\/\/greceautrement.fr\/index.php?rest_route=\/wp\/v2\/pages\/2331"}],"wp:featuredmedia":[{"embeddable":true,"href":"https:\/\/greceautrement.fr\/index.php?rest_route=\/wp\/v2\/media\/910"}],"wp:attachment":[{"href":"https:\/\/greceautrement.fr\/index.php?rest_route=%2Fwp%2Fv2%2Fmedia&parent=7"}],"wp:term":[{"taxonomy":"category","embeddable":true,"href":"https:\/\/greceautrement.fr\/index.php?rest_route=%2Fwp%2Fv2%2Fcategories&post=7"},{"taxonomy":"post_tag","embeddable":true,"href":"https:\/\/greceautrement.fr\/index.php?rest_route=%2Fwp%2Fv2%2Ftags&post=7"}],"curies":[{"name":"wp","href":"https:\/\/api.w.org\/{rel}","templated":true}]}}