{"id":2473,"date":"2019-12-20T22:42:58","date_gmt":"2019-12-20T20:42:58","guid":{"rendered":"https:\/\/greceautrement.fr\/?page_id=2473"},"modified":"2025-03-21T04:51:12","modified_gmt":"2025-03-21T02:51:12","slug":"ep","status":"publish","type":"page","link":"https:\/\/greceautrement.fr\/?page_id=2473","title":{"rendered":"\u00c9pire"},"content":{"rendered":"<div class=\"zTxtJ\">\r\n  <h3 class=\"zTxtH\">\u00c9pire, le paradis retrouv\u00e9 de la Gr\u00e8ce continentale !<\/h3>\r\n  <p><iframe id=\"EPv1\" name=\"EPv1\" class=\"zFramV\" scrolling=\"no\" onload=\"setFrmHS(this.id)\" src=\"zkmods\/ytp\/ytplay.php?v=jkZYgHCUF3w&#038;a=1&#038;o=1\"><\/iframe><\/p><br>\r\n  <p class=\"zTxtT\">Autotours en \u00c9pire<\/p>\r\n  <p><ul class=\"zLirM\"><li>\r\n    De mars \u00e0 novembre<\/li><li>\r\n    Groupes de 2 \u00e0 6 personnes<\/li><li>\r\n    De six \u00e0 douze journ\u00e9es compl\u00e8tes<\/li>\r\n  <\/ul><\/p>\r\n  <p><iframe loading=\"lazy\" class=\"zFramS\" src=\"zkmods\/ssb\/ssb.php?n=EPs&#038;f=0&#038;t=5\" width=\"650\" height=\"370\"><\/iframe><\/p><br>\r\n  <p class=\"zTxtS\">Au pays des Molosses<\/p>\r\n  <p>Voyager, prend tout son sens \u00e0 l\u2019extr\u00eame nord-ouest de la Gr\u00e8ce, le long de la fronti\u00e8re albanaise, en pays situ\u00e9 entre la cha\u00eene de montagnes du Pinde et la mer Ionienne.<\/p>\r\n  <p>Destination l\u2019\u00c9pire, r\u00e9gion voisine, \u00e0 la fois de la Thessalie et de la Mac\u00e9doine, laquelle combine ses paysages montagneux impressionnants aux charmants sites c\u00f4tiers.<\/p>\r\n  <p>On s\u2019y \u201cperdra\u201d alors volontiers dans les massifs prot\u00e9g\u00e9s du Pinde aux grandes for\u00eats pr\u00e9serv\u00e9es, aux pentes sauvages proposant une vari\u00e9t\u00e9 de bourgades typiques, sans oublier les rivi\u00e8res et les lacs, \u00e0 travers une r\u00e9gion offrant des perspectives d\u2019une beaut\u00e9 unique o\u00f9 il fait bon s\u2019immerger.<\/p>\r\n  <p class=\"zTxtC\">L\u2019immersion en plus !<\/p><br>\r\n  <p class=\"zTxtS\">Un itin\u00e9raire m\u00ealant histoire et nature<\/p>\r\n  <p>Cette belle nature h\u00e9berge de nombreux sites arch\u00e9ologiques, des ch\u00e2teaux magnifiques, des th\u00e9\u00e2tres antiques, des monast\u00e8res, des \u00e9glises et des villages traditionnels, \u00e0 l\u2019instar de ceux de Zag\u00f3ri, construits en amphith\u00e9\u00e2tre non loin des gorges de V\u00edkos.<\/p>\r\n  <p>Le tout, en plein pays des Molosses, une des principales ethnies grecques de l\u2019\u00c9pire antique, dont le roi le plus c\u00e9l\u00e8bre \u00e9tait Pyrrhus. D\u2019ailleurs, Olympias, la m\u00e8re d\u2019Alexandre le Grand, \u00e9tait autant une princesse molosse.<\/p>\r\n  <p>Notre qu\u00eate se poursuivra jusqu\u2019aux lieux les plus insolites loin des chantiers battus, pour se prolonger jusqu\u2019aux p\u00e9riodes historiques marquantes de notre temps, y compris, pour \u00e9voquer les nombreux \u00e9pisodes guerriers des deux derniers si\u00e8cles, dont les faits seront abord\u00e9s si possible, sur le terrain m\u00eame de leurs lieux de m\u00e9moire.<\/p>\r\n  <p>D\u2019ailleurs en \u00c9pire, pays o\u00f9 les l\u00e9gendes et les traditions locales ont laiss\u00e9 leur marque ind\u00e9l\u00e9bile sur les chefs-d\u2019\u0153uvre architecturaux, le panorama demeure monumental, y compris quant \u00e0 la culture populaire, lorsque par exemple, le chant polyphonique traditionnel reprend encore parfois tout son souffle dans les montagnes. Enfin, nous ne manquerons pas que de go\u00fbter \u00e0 la gastronomie en ces lieux, entre autres, les tartes aux herbes et les savoureux fromages de la r\u00e9gion.<\/p>\r\n  <p class=\"zTxtC\">La beaut\u00e9 unique d\u2019une r\u00e9gion rude et mystique<\/p><br>\r\n  <p class=\"zTxtS\">Une exp\u00e9rience qui revient du fond de la Gr\u00e8ce !<\/p><br>\r\n  <hr><table class=\"zTabL\"><tbody><tr>\r\n    <td><img decoding=\"async\" alt=\"\" src=\"zmedia\/006\/slidl\/AQs11.gif\" onclick=\"window.open('?page_id=185' ,'_self')\"><br>Attique<\/td>\r\n    <td><img decoding=\"async\" alt=\"\" src=\"zmedia\/006\/slidl\/PEs11.gif\" onclick=\"window.open('?page_id=97'  ,'_self')\"><br>P\u00e9loponn\u00e8se<\/td>\r\n    <td><img decoding=\"async\" alt=\"\" src=\"zmedia\/006\/slidl\/THs11.gif\" onclick=\"window.open('?page_id=193' ,'_self')\"><br>Thessalie<\/td>\r\n    <td><img decoding=\"async\" alt=\"\" src=\"zmedia\/006\/slidl\/MAs11.gif\" onclick=\"window.open('?page_id=195' ,'_self')\"><br>Mac\u00e9doine<\/td>\r\n  <\/tr><\/tbody><\/table><hr>\r\n  <h5>Liens utiles<\/h5>\r\n  <p style=\"padding-left:120px;\">\r\n    <a target=\"_blank\" rel=\"noopener noreferrer\" href=\"\/\/fr.wikipedia.org\/wiki\/%C3%89pire\">L\u2019\u00c9pire grecque sur Wikip\u00e9dia<\/a><br>\r\n    <a target=\"_blank\" rel=\"noopener noreferrer\" href=\"\/\/fr.wikipedia.org\/wiki\/Io%C3%A1nnina\">Le ville de Io\u00e1nnina, la capitale historique de l\u2019\u00c9pire<\/a>\r\n  <\/p>\r\n<\/div>","protected":false},"excerpt":{"rendered":"\u00c9pire, le paradis retrouv\u00e9 de la Gr\u00e8ce continentale ! Autotours en \u00c9pire De mars \u00e0 novembre Groupes de 2 \u00e0 6 personnes De six \u00e0 douze journ\u00e9es compl\u00e8tes Au pays des Molosses Voyager, prend tout son sens \u00e0 l\u2019extr\u00eame nord-ouest de la Gr\u00e8ce, le long de la fronti\u00e8re albanaise, en pays situ\u00e9 entre la cha\u00eene &hellip; <p class=\"link-more\"><a href=\"https:\/\/greceautrement.fr\/?page_id=2473\" class=\"more-link\">Continue reading<span class=\"screen-reader-text\"> \u00ab\u00a0\u00c9pire\u00a0\u00bb<\/span><\/a><\/p>","protected":false},"author":2,"featured_media":2479,"parent":0,"menu_order":6,"comment_status":"closed","ping_status":"closed","template":"","meta":{"footnotes":""},"categories":[],"tags":[],"class_list":["post-2473","page","type-page","status-publish","has-post-thumbnail","hentry"],"_links":{"self":[{"href":"https:\/\/greceautrement.fr\/index.php?rest_route=\/wp\/v2\/pages\/2473","targetHints":{"allow":["GET"]}}],"collection":[{"href":"https:\/\/greceautrement.fr\/index.php?rest_route=\/wp\/v2\/pages"}],"about":[{"href":"https:\/\/greceautrement.fr\/index.php?rest_route=\/wp\/v2\/types\/page"}],"author":[{"embeddable":true,"href":"https:\/\/greceautrement.fr\/index.php?rest_route=\/wp\/v2\/users\/2"}],"replies":[{"embeddable":true,"href":"https:\/\/greceautrement.fr\/index.php?rest_route=%2Fwp%2Fv2%2Fcomments&post=2473"}],"version-history":[{"count":0,"href":"https:\/\/greceautrement.fr\/index.php?rest_route=\/wp\/v2\/pages\/2473\/revisions"}],"wp:featuredmedia":[{"embeddable":true,"href":"https:\/\/greceautrement.fr\/index.php?rest_route=\/wp\/v2\/media\/2479"}],"wp:attachment":[{"href":"https:\/\/greceautrement.fr\/index.php?rest_route=%2Fwp%2Fv2%2Fmedia&parent=2473"}],"wp:term":[{"taxonomy":"category","embeddable":true,"href":"https:\/\/greceautrement.fr\/index.php?rest_route=%2Fwp%2Fv2%2Fcategories&post=2473"},{"taxonomy":"post_tag","embeddable":true,"href":"https:\/\/greceautrement.fr\/index.php?rest_route=%2Fwp%2Fv2%2Ftags&post=2473"}],"curies":[{"name":"wp","href":"https:\/\/api.w.org\/{rel}","templated":true}]}}