{"id":232,"date":"2019-12-20T20:32:42","date_gmt":"2019-12-20T18:32:42","guid":{"rendered":"https:\/\/wgaut.arielko.net\/?page_id=232"},"modified":"2025-03-10T13:27:10","modified_gmt":"2025-03-10T11:27:10","slug":"thb","status":"publish","type":"page","link":"https:\/\/greceautrement.fr\/?page_id=232","title":{"rendered":"K\u00f3ziakas"},"content":{"rendered":"<div class=\"zTxtJ\">\r\n  <h3 class=\"zTxtH\">Entre monts et merveilles !<\/h3>\r\n  <iframe loading=\"lazy\" class=\"zFramV\" <iframe loading=\"lazy\" class=\"zFramV\" src=\"zkmods\/ytp\/ytplay.php?v=Y17r4nIL4U0&amp;a=y&amp;s=2&amp;o=y\" width=\"550\" height=\"340\"><\/iframe>\r\n  <p class=\"zTxtT\">Intrusion initiatique au c\u0153ur du pays<\/p>\r\n  <p><ul class=\"zLirM\">\r\n  <li>Groupes de 2 \u00e0 6 personnes<\/li>\r\n  <li>Journ\u00e9e compl\u00e8te<\/li>\r\n  <\/ul><\/p>\r\n  <iframe class=\"zFramS\" src=\"zkmods\/ssb\/ssb.php?n=THsB[0-9]&amp;f=0&amp;t=5\" width=\"650\"height=\"370\"><\/iframe><br><br>\r\n  <p class=\"zTxtS\">Le c\u00f4t\u00e9 invisible de la montagne grecque<\/p>\r\n  <p>Nous partons \u00e0 la d\u00e9couverte de ce pays de montagne entre gorges et plateaux, dont la vie locale reste largement li\u00e9e au milieu naturel. P\u00fdli, El\u00e1ti, Perto\u00fali figurent parmi les bourgades que nous visitons. Ces localit\u00e9s, sont autant marqu\u00e9es par l\u2019histoire, surtout contemporaine durant les ann\u00e9es 1940, que nous ne manquerons pas d\u2019\u00e9voquer.<\/p>\r\n  <p>Situ\u00e9e entre deux montagnes baignant leurs cimes, la bourgade de P\u00fdli est \u201cle passage surnaturel\u201d qui nous conduit vers le c\u00f4t\u00e9 invisible de ces hauteurs, et c\u2019est une nature parmi les plus pr\u00e9cieuses en Gr\u00e8ce que nous explorons, pour y d\u00e9couvrir des secrets bien enfouis. Nous visitons l\u2019\u00e9glise byzantine de Porta Panag\u00eda, magnifique basilique construite en 1283 sur les vestiges visibles d\u2019un temple antique, ainsi que le monast\u00e8re de Saint-Vissar\u00edon fond\u00e9 en 1530.<\/p>\r\n  <p>Nous d\u00e9couvrons El\u00e1ti, bourgade situ\u00e9e \u00e0 900 m d\u2019altitude, destination pris\u00e9e des Grecs et qui conserve tout son charme, ainsi que le plateau du Mont K\u00f3ziakas, profitant d\u2019une vue imprenable. En ces lieux commence de fait, le royaume des derniers repr\u00e9sentants de l\u2019ours marron des Balkans. Un paysage grec fort \u00e9loign\u00e9 des st\u00e9r\u00e9otypes habituels.<\/p>\r\n  <p>Notre promenade vous m\u00e8ne ensuite au village de Perto\u00fali, \u201caccroch\u00e9\u201d en hauteur dans sa vall\u00e9e avec ses maisons en pierre. Sa for\u00eat bien dense est \u00e9tudi\u00e9e, surveill\u00e9e et exploit\u00e9e depuis 1930 en collaboration \u00e9troite avec l\u2019Universit\u00e9 de Thessalonique. La bourgade est aussi r\u00e9put\u00e9e pour sa gastronomie, dont le gibier et le vin, \u00e0 d\u00e9guster avec mod\u00e9ration.<\/p>\r\n  <p>Un autotour \u00e0 part, anim\u00e9 par Panagi\u00f3tis originaire de la r\u00e9gion, qui ponctuera la balade de ses anecdotes personnelles et abordera de nombreux sujets qui ont fait d\u00e9bat tout au long de l\u2019histoire contemporaine de la Gr\u00e8ce.<\/p>\r\n  <p class=\"zTxtC\">Entre v\u00e9cu, r\u00e9cits et l\u00e9gendes.<\/p><br><br>\r\n  <p class=\"zTxtS\">La Gr\u00e8ce \u00e0 explorer, riche d\u2019attraits !<\/p><br><br>\r\n  <hr><table class=\"zTabL\"><tbody><tr>\r\n    <td><img decoding=\"async\" alt=\"\" src=\"zmedia\/006\/slidl\/THsA11.gif\" onclick=\"window.open('?page_id=230','_self')\"><br>M\u00e9t\u00e9ores<\/td>\r\n    <td><img decoding=\"async\" alt=\"\" src=\"zmedia\/006\/slidl\/THsC11.gif\" onclick=\"window.open('?page_id=234','_self')\"><br>Agrafa<\/td>\r\n    <td><img decoding=\"async\" alt=\"\" src=\"zmedia\/006\/slidl\/THsD11.gif\" onclick=\"window.open('?page_id=236','_self')\"><br>Pinde<\/td>\r\n    <td><img decoding=\"async\" alt=\"\" src=\"zmedia\/006\/slidl\/THs11.gif\"  onclick=\"window.open('?page_id=193','_self')\"><br>Thessalie<\/td>\r\n  <\/tr><\/tbody><\/table><hr>\r\n  <h5>Liens utiles<\/h5>\r\n  <p style=\"padding-left:120px;\">\r\n  <a href=\"\/\/fr.wikipedia.org\/wiki\/P%C3%BDli\" target=\"_blank\" rel=\"noopener noreferrer\">Le bourg de P\u00fdli sur Wikip\u00e9dia<\/a><br>\r\n  <a href=\"\/\/www.monastiria.gr\/iera-moni-agiou-vissariona-pylis\/?lang=fr\" target=\"_blank\" rel=\"noopener noreferrer\">Le monast\u00e8re de Saint-Vissar\u00edon<\/a><br>\r\n  <a href=\"\/\/fr.wikipedia.org\/wiki\/Vass%C3%ADlis_Tsits%C3%A1nis\" target=\"_blank\" rel=\"noopener noreferrer\">Vass\u00edlis Tsits\u00e1nis, musicien populaire de Tr\u00edkala<\/a><\/p>\r\n<\/div>\r\n","protected":false},"excerpt":{"rendered":"Entre monts et merveilles !","protected":false},"author":2,"featured_media":920,"parent":193,"menu_order":2,"comment_status":"closed","ping_status":"closed","template":"","meta":{"footnotes":""},"categories":[],"tags":[],"class_list":["post-232","page","type-page","status-publish","has-post-thumbnail","hentry"],"_links":{"self":[{"href":"https:\/\/greceautrement.fr\/index.php?rest_route=\/wp\/v2\/pages\/232","targetHints":{"allow":["GET"]}}],"collection":[{"href":"https:\/\/greceautrement.fr\/index.php?rest_route=\/wp\/v2\/pages"}],"about":[{"href":"https:\/\/greceautrement.fr\/index.php?rest_route=\/wp\/v2\/types\/page"}],"author":[{"embeddable":true,"href":"https:\/\/greceautrement.fr\/index.php?rest_route=\/wp\/v2\/users\/2"}],"replies":[{"embeddable":true,"href":"https:\/\/greceautrement.fr\/index.php?rest_route=%2Fwp%2Fv2%2Fcomments&post=232"}],"version-history":[{"count":0,"href":"https:\/\/greceautrement.fr\/index.php?rest_route=\/wp\/v2\/pages\/232\/revisions"}],"up":[{"embeddable":true,"href":"https:\/\/greceautrement.fr\/index.php?rest_route=\/wp\/v2\/pages\/193"}],"wp:featuredmedia":[{"embeddable":true,"href":"https:\/\/greceautrement.fr\/index.php?rest_route=\/wp\/v2\/media\/920"}],"wp:attachment":[{"href":"https:\/\/greceautrement.fr\/index.php?rest_route=%2Fwp%2Fv2%2Fmedia&parent=232"}],"wp:term":[{"taxonomy":"category","embeddable":true,"href":"https:\/\/greceautrement.fr\/index.php?rest_route=%2Fwp%2Fv2%2Fcategories&post=232"},{"taxonomy":"post_tag","embeddable":true,"href":"https:\/\/greceautrement.fr\/index.php?rest_route=%2Fwp%2Fv2%2Ftags&post=232"}],"curies":[{"name":"wp","href":"https:\/\/api.w.org\/{rel}","templated":true}]}}