{"id":2154,"date":"2022-04-25T15:42:21","date_gmt":"2022-04-25T12:42:21","guid":{"rendered":"https:\/\/wgaut.arielko.net\/?page_id=2154"},"modified":"2025-03-10T05:31:20","modified_gmt":"2025-03-10T03:31:20","slug":"peb","status":"publish","type":"page","link":"https:\/\/greceautrement.fr\/?page_id=2154","title":{"rendered":"Nauplie &#038; Argolide"},"content":{"rendered":"<div class=\"zTxtJ\">\r\n  <h3 class=\"zTxtH\">Au c\u0153ur de \u201cVieille Gr\u00e8ce\u201d et d\u2019\u00c9pidaure<\/h3>\r\n  <iframe loading=\"lazy\" class=\"zFramV\" src=\"zkmods\/ytp\/ytplay.php?v=3eAInU1c3pA&amp;a=y&amp;o=y\" width=\"550\" height=\"340\"><\/iframe>\r\n  <p class=\"zTxtT\">La nature et l\u2019histoire !<\/p>\r\n  <p><ul class=\"zLirM\">\r\n  <li>Groupes de 2 \u00e0 6 personnes<\/li>\r\n  <li>Journ\u00e9e compl\u00e8te<\/li>\r\n  <\/ul><\/p>\r\n  <iframe loading=\"lazy\" class=\"zFramS\" src=\"zkmods\/ssb\/ssb.php?n=PEsB[0-9]&amp;f=0&amp;t=5\" width=\"650\" height=\"370\"><\/iframe><br><br>\r\n  <p class=\"zTxtS\">Ce qui fait le P\u00e9loponn\u00e8se<\/p>\r\n  <p>Le plus beaux parcours entre l\u2019histoire antique et l\u2019histoire contemporaine de la Gr\u00e8ce, sans oublier ses paysages et la gastronomie.<\/p>\r\n  <p>Nauplie est un v\u00e9ritable petit bijou; sous ses airs v\u00e9nitiens, sa vieille ville est un incontournable.<\/p>\r\n  <p>Le 7 janvier 1828, Io\u00e1nnis Kapod\u00edstrias, le premier Gouverneur de la Gr\u00e8ce lib\u00e9r\u00e9e, arrive \u00e0 Nauplie. La ville devint sit\u00f4t capitale du pays. Et la premi\u00e8re trag\u00e9die politique grecque contemporaine, s\u2019y d\u00e9roule \u00e9galement. Le premier chef de l\u2019\u00c9tat grec fut assassin\u00e9 le en 1831 sur les marches de l\u2019\u00e9glise Saint-Spyr\u00eddon.<\/p>\r\n  <p class=\"zTxtC\">Le r\u00e9sum\u00e9 des plaisirs de la Gr\u00e8ce<\/p><br><br>\r\n  <p class=\"zTxtS\">Des agrumes et des olives !<\/p>\r\n  <p>L\u2019Argolide est r\u00e9put\u00e9e pour ses excellents agrumes, ainsi que pour son huile d\u2019olive.<\/p>\r\n  <p>Dans sa r\u00e9gion se trouvent de nombreux sites arch\u00e9ologiques, comme Myc\u00e8nes, et le th\u00e9\u00e2tre d\u2019\u00c9pidaure.<\/p>\r\n  <p>D\u2019ailleurs Argos, est alors consid\u00e9r\u00e9e comme \u00e9tant la plus ancienne ville habit\u00e9e en Europe. Car d\u00e9j\u00e0, elle est peupl\u00e9e d\u00e8s la Pr\u00e9histoire, et l\u2019on sait que sa cit\u00e9 a jou\u00e9 un r\u00f4le essentiel sous la civilisation myc\u00e9nienne de la fin de l\u2019\u00e2ge du bronze, s\u2019\u00e9tendant de 1650 \u00e0 1100 av. J.-C..<\/p>\r\n  <p class=\"zTxtC\">Au-del\u00e0 des mythes<\/p><br><br>\r\n  <p class=\"zTxtS\">Une autre mani\u00e8re de voir la Gr\u00e8ce !<\/p><br><br>\r\n  <hr><table class=\"zTabL\"><tbody><tr>\r\n    <td><img decoding=\"async\" alt=\"\" src=\"zmedia\/006\/slidl\/PEsB26.gif\" class=\"zTabH\" onclick=\"GoToTop();\"><br>Nauplie<\/td>\r\n    <td><img decoding=\"async\" alt=\"\" src=\"zmedia\/006\/slidl\/PEsA11.gif\" onclick=\"window.open('?page_id=2151','_self')\"><br>Tr\u00e9z\u00e8ne<\/td>\r\n    <td><img decoding=\"async\" alt=\"\" src=\"zmedia\/006\/slidl\/PEsC11.gif\" onclick=\"window.open('?page_id=2157','_self')\"><br>Ermioni<\/td>\r\n    <td><img decoding=\"async\" alt=\"\" src=\"zmedia\/006\/slidl\/PEs11.gif\"  onclick=\"window.open('?page_id=97',  '_self')\"><br>P\u00e9loponn\u00e8se<\/td>\r\n  <\/tr><\/tbody><\/table><hr>\r\n  <h5>Liens utiles<\/h5>\r\n  <p style=\"padding-left:120px;\">\r\n  <a target=\"_blank\" rel=\"noopener noreferrer\" href=\"\/\/fr.wikipedia.org\/wiki\/Nauplie\">Nauplie sur Wikip\u00e9dia<\/a><br>\r\n  <a target=\"_blank\" rel=\"noopener noreferrer\" href=\"\/\/fr.wikipedia.org\/wiki\/Argolide\">L\u2019Argolide sur Wikip\u00e9dia<\/a><\/p>\r\n<\/div>\r\n","protected":false},"excerpt":{"rendered":"Au c\u0153ur de \u201cVieille Gr\u00e8ce\u201d et d\u2019\u00c9pidaure La nature et l\u2019histoire ! Groupes de 2 \u00e0 6 personnes Journ\u00e9e compl\u00e8te Ce qui fait le P\u00e9loponn\u00e8se Le plus beaux parcours entre l\u2019histoire antique et l\u2019histoire contemporaine de la Gr\u00e8ce, sans oublier ses paysages et la gastronomie. Nauplie est un v\u00e9ritable petit bijou; sous ses airs v\u00e9nitiens, &hellip; <p class=\"link-more\"><a href=\"https:\/\/greceautrement.fr\/?page_id=2154\" class=\"more-link\">Continue reading<span class=\"screen-reader-text\"> \u00ab\u00a0Nauplie &#038; Argolide\u00a0\u00bb<\/span><\/a><\/p>","protected":false},"author":2,"featured_media":2339,"parent":97,"menu_order":2,"comment_status":"closed","ping_status":"closed","template":"","meta":{"footnotes":""},"categories":[],"tags":[],"class_list":["post-2154","page","type-page","status-publish","has-post-thumbnail","hentry"],"_links":{"self":[{"href":"https:\/\/greceautrement.fr\/index.php?rest_route=\/wp\/v2\/pages\/2154","targetHints":{"allow":["GET"]}}],"collection":[{"href":"https:\/\/greceautrement.fr\/index.php?rest_route=\/wp\/v2\/pages"}],"about":[{"href":"https:\/\/greceautrement.fr\/index.php?rest_route=\/wp\/v2\/types\/page"}],"author":[{"embeddable":true,"href":"https:\/\/greceautrement.fr\/index.php?rest_route=\/wp\/v2\/users\/2"}],"replies":[{"embeddable":true,"href":"https:\/\/greceautrement.fr\/index.php?rest_route=%2Fwp%2Fv2%2Fcomments&post=2154"}],"version-history":[{"count":0,"href":"https:\/\/greceautrement.fr\/index.php?rest_route=\/wp\/v2\/pages\/2154\/revisions"}],"up":[{"embeddable":true,"href":"https:\/\/greceautrement.fr\/index.php?rest_route=\/wp\/v2\/pages\/97"}],"wp:featuredmedia":[{"embeddable":true,"href":"https:\/\/greceautrement.fr\/index.php?rest_route=\/wp\/v2\/media\/2339"}],"wp:attachment":[{"href":"https:\/\/greceautrement.fr\/index.php?rest_route=%2Fwp%2Fv2%2Fmedia&parent=2154"}],"wp:term":[{"taxonomy":"category","embeddable":true,"href":"https:\/\/greceautrement.fr\/index.php?rest_route=%2Fwp%2Fv2%2Fcategories&post=2154"},{"taxonomy":"post_tag","embeddable":true,"href":"https:\/\/greceautrement.fr\/index.php?rest_route=%2Fwp%2Fv2%2Ftags&post=2154"}],"curies":[{"name":"wp","href":"https:\/\/api.w.org\/{rel}","templated":true}]}}