{"id":193,"date":"2019-12-20T22:41:52","date_gmt":"2019-12-20T20:41:52","guid":{"rendered":"https:\/\/wgaut.arielko.net\/?page_id=193"},"modified":"2025-03-10T12:35:11","modified_gmt":"2025-03-10T10:35:11","slug":"th","status":"publish","type":"page","link":"https:\/\/greceautrement.fr\/?page_id=193","title":{"rendered":"Thessalie"},"content":{"rendered":"<div class=\"zTxtJ\">\r\n  <h3 class=\"zTxtH\">Au c\u0153ur de la Gr\u00e8ce insolite !<\/h3><br>\r\n  <iframe loading=\"lazy\" class=\"zFramV\" <iframe loading=\"lazy\" class=\"zFramV\" src=\"zkmods\/ytp\/ytplay.php?v=lQpp6Afg-Mg&amp;a=y&amp;s=2&amp;o=y\" width=\"550\" height=\"340\"><\/iframe>\r\n  <p class=\"zTxtT\">Autotours en Thessalie occidentale<\/p>\r\n  <p><ul class=\"zLirM\">\r\n  <li>Groupes de 2 \u00e0 6 personnes<\/li>\r\n  <li>De trois \u00e0 six journ\u00e9es compl\u00e8tes<\/li>\r\n  <\/ul><\/p>\r\n  <iframe loading=\"lazy\" class=\"zFramS\" src=\"zkmods\/ssb\/ssb.php?n=THs[0-9]&amp;f=0&amp;t=5\" width=\"650\" height=\"370\"><\/iframe><br><br>\r\n  <p class=\"zTxtS\">La Gr\u00e8ce \u00e0 d\u00e9couvrir&#8230; d\u2019urgence<\/p>\r\n  <p>La Thessalie occidentale invite le visiteur \u00e0 d\u00e9couvrir cette Gr\u00e8ce en grande partie inconnue. C\u2019est le \u201cpetit plus\u201d de Gr\u00e8ce Autrement, \u00e9tant donn\u00e9 que votre accompagnateur Panagi\u00f3tis Grigor\u00edou, historien et ethnologue, est originaire de la r\u00e9gion.<\/p>\r\n  <p>Quatre journ\u00e9es de parcours th\u00e9matiques en autotours sont sugg\u00e9r\u00e9es, les M\u00e9t\u00e9ores, les montagnes de K\u00f3ziakas, d\u2019Agrafa et le Pinde, incluant des parties p\u00e9destres. Nous explorons la Thessalie \u00e0 bord du v\u00e9hicule SUV de Gr\u00e8ce Autrement, ce qui nous permet d\u2019emprunter aussi les pistes suivant vos envies et choix. Vous pouvez additionner tous nos parcours \u201c\u00e0 la carte\u201d au d\u00e9part de la ville de Tr\u00edkala, notre base en Thessalie occidentale pr\u00e8s des c\u00e9l\u00e8bres M\u00e9t\u00e9ores.<\/p>\r\n  <p>La Thessalie est riche en histoires et curiosit\u00e9s naturelles, notons que Tr\u00edkala, Tr\u00edkki de l\u2019Antiquit\u00e9, \u00e9tait consid\u00e9r\u00e9e comme un des berceaux d\u2019Ascl\u00e9pios, le dieu grec de la m\u00e9decine. La rivi\u00e8re Lith\u00e9os qui traverse la ville lui ajoute un charme ind\u00e9niable, de m\u00eame que son pont central, qui est l\u2019\u0153uvre d\u2019ing\u00e9nieurs fran\u00e7ais en 1888.<\/p>\r\n  <p>Nous explorons cette magnifique r\u00e9gion de surprise en \u00e9merveillement et au contact de la population locale, en plaine comme en montagne. Les petites ruelles color\u00e9es de Tr\u00edkala sous la forteresse byzantine, donnent envie de fl\u00e2ner dans une ambiance de chaleureuse qui\u00e9tude. C\u2019est aussi l\u2019occasion de s\u2019arr\u00eater pour d\u00e9guster les sp\u00e9cialit\u00e9s de la r\u00e9gion comme les saucisses aux herbes, ou encore, le gibier pr\u00e9par\u00e9 \u00e0 la feta et aux aromates. Un r\u00e9gal !<\/p>\r\n  <p>Entre nature, ville, montagne et histoire, la Thessalie est un concentr\u00e9 de ce que la Gr\u00e8ce a d\u2019insolite \u00e0 offrir \u00e0 ses visiteurs. D\u2019autres parcours sont possibles sur-mesure, vous pouvez nous consulter.<\/p>\r\n  <p class=\"zTxtC\">La Gr\u00e8ce, loin des chantiers battus du tourisme de masse.<\/p><br><br>\r\n  <p class=\"zTxtS\">Au contact de l\u2019\u00e2me du pays !<\/p><br><br>\r\n  <hr><table class=\"zTabL\"><tbody><tr>\r\n    <td><img decoding=\"async\" alt=\"\" src=\"zmedia\/006\/slidl\/THsA11.gif\" onclick=\"window.open('?page_id=230','_self')\"><br>M\u00e9t\u00e9ores<\/td>\r\n    <td><img decoding=\"async\" alt=\"\" src=\"zmedia\/006\/slidl\/THsB11.gif\" onclick=\"window.open('?page_id=232','_self')\"><br>K\u00f3ziakas<\/td>\r\n    <td><img decoding=\"async\" alt=\"\" src=\"zmedia\/006\/slidl\/THsC11.gif\" onclick=\"window.open('?page_id=234','_self')\"><br>Agrafa<\/td>\r\n    <td><img decoding=\"async\" alt=\"\" src=\"zmedia\/006\/slidl\/THsD11.gif\" onclick=\"window.open('?page_id=236','_self')\"><br>Pinde<\/td>\r\n  <\/tr><\/tbody><\/table><hr>\r\n  <h5>Liens utiles<\/h5>\r\n  <p style=\"padding-left:120px;\">\r\n  <a href=\"\/\/fr.wikipedia.org\/wiki\/Thessalie\" target=\"_blank\" rel=\"noopener noreferrer\">La Thessalie sur Wikip\u00e9dia<\/a><br>\r\n  <a href=\"\/\/www.persee.fr\/doc\/mom_0985-6471_1997_mon_27_1\" target=\"_blank\" rel=\"noopener noreferrer\">La Thessalie antique<\/a><br>\r\n  <a href=\"\/\/fr.wikipedia.org\/wiki\/Trikala\" target=\"_blank\" rel=\"noopener noreferrer\">La ville de Tr\u00edkala<\/a><\/p>\r\n<\/div>\r\n","protected":false},"excerpt":{"rendered":"Au c\u0153ur de la Gr\u00e8ce insolite !","protected":false},"author":2,"featured_media":918,"parent":0,"menu_order":4,"comment_status":"closed","ping_status":"closed","template":"","meta":{"footnotes":""},"categories":[],"tags":[],"class_list":["post-193","page","type-page","status-publish","has-post-thumbnail","hentry"],"_links":{"self":[{"href":"https:\/\/greceautrement.fr\/index.php?rest_route=\/wp\/v2\/pages\/193","targetHints":{"allow":["GET"]}}],"collection":[{"href":"https:\/\/greceautrement.fr\/index.php?rest_route=\/wp\/v2\/pages"}],"about":[{"href":"https:\/\/greceautrement.fr\/index.php?rest_route=\/wp\/v2\/types\/page"}],"author":[{"embeddable":true,"href":"https:\/\/greceautrement.fr\/index.php?rest_route=\/wp\/v2\/users\/2"}],"replies":[{"embeddable":true,"href":"https:\/\/greceautrement.fr\/index.php?rest_route=%2Fwp%2Fv2%2Fcomments&post=193"}],"version-history":[{"count":0,"href":"https:\/\/greceautrement.fr\/index.php?rest_route=\/wp\/v2\/pages\/193\/revisions"}],"wp:featuredmedia":[{"embeddable":true,"href":"https:\/\/greceautrement.fr\/index.php?rest_route=\/wp\/v2\/media\/918"}],"wp:attachment":[{"href":"https:\/\/greceautrement.fr\/index.php?rest_route=%2Fwp%2Fv2%2Fmedia&parent=193"}],"wp:term":[{"taxonomy":"category","embeddable":true,"href":"https:\/\/greceautrement.fr\/index.php?rest_route=%2Fwp%2Fv2%2Fcategories&post=193"},{"taxonomy":"post_tag","embeddable":true,"href":"https:\/\/greceautrement.fr\/index.php?rest_route=%2Fwp%2Fv2%2Ftags&post=193"}],"curies":[{"name":"wp","href":"https:\/\/api.w.org\/{rel}","templated":true}]}}