{"id":185,"date":"2019-12-20T22:30:49","date_gmt":"2019-12-20T20:30:49","guid":{"rendered":"https:\/\/wgaut.arielko.net\/?page_id=185"},"modified":"2025-03-19T03:36:01","modified_gmt":"2025-03-19T01:36:01","slug":"aq","status":"publish","type":"page","link":"https:\/\/greceautrement.fr\/?page_id=185","title":{"rendered":"Attique"},"content":{"rendered":"<div class=\"zTxtJ\">\r\n  <h3 class=\"zTxtH\">Attique, berceau d\u2019Ath\u00e8nes et porte de la Gr\u00e8ce !<\/h3>\r\n  <iframe loading=\"lazy\" class=\"zFramV\" src=\"zkmods\/ytp\/ytplay.php?v=wUF8N70f0SY&#038;a=1&#038;t=0&#038;d=0\" width=\"550\" height=\"340\"><\/iframe>\r\n  <p class=\"zTxtT\">Autotours en Attique<\/p>\r\n  <p><ul class=\"zLirL\"><li>Nos visites guid\u00e9es d\u2019Ath\u00e8nes, ainsi que la d\u00e9couverte de la Riviera d\u2019Attique et du Cap Sounion, s\u2019inscrivent en option dans le cadre de notre offre d\u2019autotours d\u2019une dur\u00e9e de plusieurs jours parmi nos parcours en Gr\u00e8ce Continentale : P\u00e9loponn\u00e8se, \u00c9pire, Thessalie et Mac\u00e9doine.<br>Nous ne pouvons actuellement pas proposer ce service s\u00e9par\u00e9ment.<\/li><\/ul><\/p>\r\n  <iframe loading=\"lazy\" class=\"zFramS\" src=\"zkmods\/ssb\/ssb.php?n=AQs[0-9]&amp;f=0&amp;t=5\" width=\"650\" height=\"370\"><\/iframe><br><br>\r\n  <p class=\"zTxtS\">L\u2019\u00e9tonnant panorama de la Riviera d\u2019Ath\u00e8nes<\/p>\r\n  <p>La vaste c\u00f4te ath\u00e9nienne est impressionnante par sa beaut\u00e9. Elle s\u2019\u00e9tend du Pir\u00e9e, jusqu\u2019au Cap Sounion aux portes des Cyclades. On y d\u00e9couvre des plages et des criques aux eaux turquoise, une nature par endroits luxuriante et des sites c\u00e9l\u00e8bres comme le Cap Sounion, dont la vue de son promontoire est magnifique. Sur cette bande c\u00f4ti\u00e8re s\u2019inscrit d\u2019ailleurs la saga bien singuli\u00e8re de la pr\u00e9sence humaine en ces lieux, de la Pr\u00e9histoire \u00e0 nos jours.<\/p>\r\n  <p>Notre parcours naturel, culturel et historique est la mani\u00e8re id\u00e9ale pour prolonger sa visite d\u2019Ath\u00e8nes, lorsqu\u2019on souhaite aller au-del\u00e0 de la d\u00e9couverte de la capitale grecque intramuros. Une exp\u00e9rience unique vous attend avec Panagi\u00f3tis Grigor\u00edou, ethnologue et historien, car \u00e0 ses c\u00f4t\u00e9s, on aborde la Riviera d\u2019Attique sous un autre angle.<\/p>\r\n  <p>Nous d\u00e9couvrons suivant les parcours choisis, les trois ports du Pir\u00e9e, l\u2019\u00eele de Salamine, lieu de la plus grande bataille navale de l\u2019Antiquit\u00e9, le lac de Vouliagm\u00e9ni \u00e0 d\u2019eau pure entour\u00e9 de falaises oranger, le Cap Sounion, le port typique de L\u00e1vrion aux tavernes locales et la c\u00f4te Est de l\u2019Attique. Une des plus belles images de l\u2019Attique c\u2019est la montagne verdoyante, riche en minerais d\u2019argent de L\u00e1vrion. Au moment de l\u2019apog\u00e9e de la cit\u00e9 antique d\u2019Ath\u00e8nes, ses mines ont largement permis sa prosp\u00e9rit\u00e9 l\u00e9gendaire.<\/p>\r\n  <p>Dans notre d\u00e9marche, nous \u00e9tablissons cet \u00e9tonnant lien entre les \u00e9poques et les activit\u00e9s humaines. Depuis l\u2019Antiquit\u00e9, la Riviera m\u00eame dans son ensemble, demeure ce lieu \u00e9vocateur des mutations sociales, culturelles et \u00e9conomiques d\u2019Ath\u00e8nes et plus largement de la Gr\u00e8ce.<\/p>\r\n  <p class=\"zTxtC\">Une beaut\u00e9 impressionnante.<\/p><br><br>\r\n  <p class=\"zTxtS\">Votre destination devient exp\u00e9rience !<\/p><br><br>\r\n  <hr><table class=\"zTabL\"><tbody><tr>\r\n    <td><img decoding=\"async\" alt=\"\" src=\"zmedia\/006\/slidl\/AQs11.gif\"  class=\"zTabH\" onclick=\"GoToTop();\"><br>Attique<\/td>\r\n    <td><img decoding=\"async\" alt=\"\" src=\"zmedia\/006\/slidl\/ATs11.gif\"  onclick=\"window.open('?page_id=15',  '_self')\"><br>Ath\u00e8nes<\/td>\r\n    <td><img decoding=\"async\" alt=\"\" src=\"zmedia\/006\/slidl\/PEs11.gif\"  onclick=\"window.open('?page_id=97',  '_self')\"><br>P\u00e9loponn\u00e8se<\/td>\r\n    <td><img decoding=\"async\" alt=\"\" src=\"zmedia\/006\/slidl\/THs11.gif\"  onclick=\"window.open('?page_id=193','_self')\"><br>Thessalie<\/td>\r\n  <\/tr><\/tbody><\/table><hr>\r\n  <h5>Liens utiles<\/h5>\r\n  <p style=\"padding-left:120px;\">\r\n  <a target=\"_blank\" rel=\"noopener noreferrer\" href=\"\/\/fr.wikipedia.org\/wiki\/Attique\">La r\u00e9gion d\u2019Attique sur Wikipedia<\/a><br>\r\n  <a target=\"_blank\" rel=\"noopener noreferrer\" href=\"\/\/fr.wikipedia.org\/wiki\/Lavrio\">La ville de L\u00e1vrion et son histoire<\/a><br>\r\n  <a target=\"_blank\" rel=\"noopener noreferrer\" href=\"\/\/fr.wikipedia.org\/wiki\/Cap_Sounion\">Le Cap Sounion et son Temple<\/a><\/p>\r\n<\/div>\r\n","protected":false},"excerpt":{"rendered":"Attique, berceau d\u2019Ath\u00e8nes et porte de la Gr\u00e8ce ! Autotours en Attique Nos visites guid\u00e9es d\u2019Ath\u00e8nes, ainsi que la d\u00e9couverte de la Riviera d\u2019Attique et du Cap Sounion, s\u2019inscrivent en option dans le cadre de notre offre d\u2019autotours d\u2019une dur\u00e9e de plusieurs jours parmi nos parcours en Gr\u00e8ce Continentale : P\u00e9loponn\u00e8se, \u00c9pire, Thessalie et Mac\u00e9doine.Nous &hellip; <p class=\"link-more\"><a href=\"https:\/\/greceautrement.fr\/?page_id=185\" class=\"more-link\">Continue reading<span class=\"screen-reader-text\"> \u00ab\u00a0Attique\u00a0\u00bb<\/span><\/a><\/p>","protected":false},"author":2,"featured_media":911,"parent":14,"menu_order":1,"comment_status":"closed","ping_status":"closed","template":"","meta":{"footnotes":""},"categories":[],"tags":[],"class_list":["post-185","page","type-page","status-publish","has-post-thumbnail","hentry"],"_links":{"self":[{"href":"https:\/\/greceautrement.fr\/index.php?rest_route=\/wp\/v2\/pages\/185","targetHints":{"allow":["GET"]}}],"collection":[{"href":"https:\/\/greceautrement.fr\/index.php?rest_route=\/wp\/v2\/pages"}],"about":[{"href":"https:\/\/greceautrement.fr\/index.php?rest_route=\/wp\/v2\/types\/page"}],"author":[{"embeddable":true,"href":"https:\/\/greceautrement.fr\/index.php?rest_route=\/wp\/v2\/users\/2"}],"replies":[{"embeddable":true,"href":"https:\/\/greceautrement.fr\/index.php?rest_route=%2Fwp%2Fv2%2Fcomments&post=185"}],"version-history":[{"count":0,"href":"https:\/\/greceautrement.fr\/index.php?rest_route=\/wp\/v2\/pages\/185\/revisions"}],"up":[{"embeddable":true,"href":"https:\/\/greceautrement.fr\/index.php?rest_route=\/wp\/v2\/pages\/14"}],"wp:featuredmedia":[{"embeddable":true,"href":"https:\/\/greceautrement.fr\/index.php?rest_route=\/wp\/v2\/media\/911"}],"wp:attachment":[{"href":"https:\/\/greceautrement.fr\/index.php?rest_route=%2Fwp%2Fv2%2Fmedia&parent=185"}],"wp:term":[{"taxonomy":"category","embeddable":true,"href":"https:\/\/greceautrement.fr\/index.php?rest_route=%2Fwp%2Fv2%2Fcategories&post=185"},{"taxonomy":"post_tag","embeddable":true,"href":"https:\/\/greceautrement.fr\/index.php?rest_route=%2Fwp%2Fv2%2Ftags&post=185"}],"curies":[{"name":"wp","href":"https:\/\/api.w.org\/{rel}","templated":true}]}}